{"id":2,"date":"2010-12-30T08:57:42","date_gmt":"2010-12-30T08:57:42","guid":{"rendered":"http:\/\/paolalucchesi.com\/?page_id=2"},"modified":"2011-12-18T14:16:52","modified_gmt":"2011-12-18T14:16:52","slug":"about","status":"publish","type":"page","link":"https:\/\/paolalucchesi.org\/?page_id=2","title":{"rendered":"O meni &#8211; Chi sono &#8211; About me"},"content":{"rendered":"<p>[lang_bh]Eto, ovo bi voljela izbjegavati. Da sama sebi pravim vitrinu. Moja du\u0161a je na dugom, dugom putu, kroz mnogo \u017eivota. Put ka slobodi. Ego je taj ko nas dr\u017ei zarobljene, a pogotovo mene. Moj ego je divovski. Ne\u0107u mo\u0107i \u0161iriti krila i poletiti dok ne utihne.<\/p>\n<p>No, kako \u0107u ispri\u010dati tu pri\u010du bez da spominjem sebe? Moram probati, nekako.<\/p>\n<p>Bilo je to davno davno. Jedno blago sun\u010dano popodne, negdje u aprilu. Sje\u010dam se sjaj sun\u010danih zraka koji se odbio iz plo\u010dnika Ilice, u centru Zagreba. A glas koji negdje u meni se iznenada javio i govorio: &#8220;Sono venuta qui in cerca della mia anima&#8221;. Do\u0161la sam ovamo u potrazi za svoju du\u0161u.<\/p>\n<p>Bila je to daleka 1990.<\/p>\n<p>Ja i moja du\u0161a se jo\u0161 ganjamo okolo u tom prostoru, ko zna koliko stolje\u0107a ve\u0107.<\/p>\n<p>Moje male osobne drame kroz tih dvadeset i kusur godina su isprepletene sa kolektivnom dramom ove zemlje. Ne mogu odavdje, kucaju te drame u mojoj krvi, u mom srcu.<\/p>\n<p>Ovo je put od straha, samo\u0107e i mr\u017enje do ljubavi. O tome je ta pri\u010da.[\/lang_bh]<\/p>\n<p>&nbsp;<\/p>\n<p>[lang_it]Ecco, questo vorrei evitare. Di farmi una vetrina. La mia anima e&#8217; in viaggio, un lungo, lungo viaggio attraverso molte vite. Un viaggio verso la liberta&#8217;. L&#8217;ego e&#8217; cio&#8217; che ci tiene in ostaggio, e me in particolar modo. Il mio ego e&#8217; gigantesco. Non potro&#8217; allargare le ali e spiccare il volo finche&#8217; non tacera&#8217;.<\/p>\n<p>Ma come faro&#8217; a raccontare questa storia senza parlare di me? Devo provare, in qualche modo.<\/p>\n<p>Era tanto tanto tempo fa. Un pomeriggiodi sole leggero, in qualche momento in aprile. Mi ricordo il riflesso dei raggi di sole sul selciato della Ilica, nel centro di Zagabria. E una voce dentro di me che all&#8217;improvviso si fece sentire e disse: &#8220;Sono venuta qui in cerca della mia anima&#8221;.<\/p>\n<p>Era il lontano 1990.<\/p>\n<p>Io e la mia anima ci stiamo ancora correndo dietro, su e giu&#8217; per queste terre, chissa&#8217; da quanti secoli.<\/p>\n<p>I miei piccoli drammi personali in questi vent&#8217;anni e passa sono intrecciati con il dramma collettivo di questa terra. Non posso andarmene di qua, questi drammi palpitano nel mio sangue, nel mio cuore.<\/p>\n<p>Questo e&#8217; un viaggio dalla paura, solitudine e odio verso l&#8217;amore. La storia parla di questo.[\/lang_it]<\/p>\n","protected":false},"excerpt":{"rendered":"<p>[lang_bh]Eto, ovo bi voljela izbjegavati. Da sama sebi pravim vitrinu. Moja du\u0161a je na dugom, dugom putu, kroz mnogo \u017eivota. Put ka slobodi. Ego je taj ko nas dr\u017ei zarobljene, a pogotovo mene. Moj ego je divovski. Ne\u0107u mo\u0107i \u0161iriti krila i poletiti dok ne utihne. No, kako \u0107u ispri\u010dati tu pri\u010du bez da spominjem &hellip; <a href=\"https:\/\/paolalucchesi.org\/?page_id=2\" class=\"more-link\">Continue reading <span class=\"screen-reader-text\">O meni &#8211; Chi sono &#8211; About me<\/span><\/a><\/p>\n","protected":false},"author":1,"featured_media":0,"parent":0,"menu_order":0,"comment_status":"open","ping_status":"open","template":"","meta":{"footnotes":""},"class_list":["post-2","page","type-page","status-publish","hentry"],"_links":{"self":[{"href":"https:\/\/paolalucchesi.org\/index.php?rest_route=\/wp\/v2\/pages\/2","targetHints":{"allow":["GET"]}}],"collection":[{"href":"https:\/\/paolalucchesi.org\/index.php?rest_route=\/wp\/v2\/pages"}],"about":[{"href":"https:\/\/paolalucchesi.org\/index.php?rest_route=\/wp\/v2\/types\/page"}],"author":[{"embeddable":true,"href":"https:\/\/paolalucchesi.org\/index.php?rest_route=\/wp\/v2\/users\/1"}],"replies":[{"embeddable":true,"href":"https:\/\/paolalucchesi.org\/index.php?rest_route=%2Fwp%2Fv2%2Fcomments&post=2"}],"version-history":[{"count":4,"href":"https:\/\/paolalucchesi.org\/index.php?rest_route=\/wp\/v2\/pages\/2\/revisions"}],"predecessor-version":[{"id":26,"href":"https:\/\/paolalucchesi.org\/index.php?rest_route=\/wp\/v2\/pages\/2\/revisions\/26"}],"wp:attachment":[{"href":"https:\/\/paolalucchesi.org\/index.php?rest_route=%2Fwp%2Fv2%2Fmedia&parent=2"}],"curies":[{"name":"wp","href":"https:\/\/api.w.org\/{rel}","templated":true}]}}